{"id":332,"date":"2021-04-18T22:03:59","date_gmt":"2021-04-18T22:03:59","guid":{"rendered":"https:\/\/fundacionpdn.org\/?page_id=332"},"modified":"2025-04-23T19:02:55","modified_gmt":"2025-04-23T19:02:55","slug":"donar","status":"publish","type":"page","link":"https:\/\/fundacionpdn.org\/en\/donar\/","title":{"rendered":"Donate"},"content":{"rendered":"<p>[et_pb_section fb_built=&#8221;1&#8243; _builder_version=&#8221;4.27.0&#8243; _module_preset=&#8221;default&#8221; use_background_color_gradient=&#8221;on&#8221; background_color_gradient_stops=&#8221;#0b6eba 0%|rgba(255,255,255,0) 100%&#8221; background_color_gradient_overlays_image=&#8221;on&#8221; background_image=&#8221;https:\/\/fundacionpdn.org\/wp-content\/uploads\/2025\/03\/IMG_9667.png&#8221; min_height=&#8221;585px&#8221; custom_padding=&#8221;||10px|||&#8221; global_colors_info=&#8221;{}&#8221;][et_pb_row column_structure=&#8221;3_5,2_5&#8243; _builder_version=&#8221;4.27.0&#8243; _module_preset=&#8221;default&#8221; global_colors_info=&#8221;{}&#8221;][et_pb_column type=&#8221;3_5&#8243; _builder_version=&#8221;4.27.0&#8243; _module_preset=&#8221;default&#8221; global_colors_info=&#8221;{}&#8221;][et_pb_text _builder_version=&#8221;4.27.0&#8243; _module_preset=&#8221;default&#8221; text_font=&#8221;Montserrat||||||||&#8221; text_text_color=&#8221;#FFFFFF&#8221; text_font_size=&#8221;22px&#8221; text_line_height=&#8221;1.2em&#8221; header_font=&#8221;Montserrat|800|||||||&#8221; header_text_color=&#8221;#FFFFFF&#8221; header_font_size=&#8221;47px&#8221; text_orientation=&#8221;center&#8221; global_colors_info=&#8221;{}&#8221;]<\/p>\n<h1>\u00a1Tu donativo llega a la comunidad!<\/h1>\n<p>Somos aliados estrat\u00e9gicos y un soporte para otras OSC que trabajan en \u00e1reas como educaci\u00f3n, salud, prevenci\u00f3n de la violencia, infancia, arte y cultura.<\/p>\n<p>Al donar, formar parte de una comunidad de generosidad en beneficio de Ciudad Ju\u00e1rez.<\/p>\n<p>&nbsp;<\/p>\n<p>[\/et_pb_text][\/et_pb_column][et_pb_column type=&#8221;2_5&#8243; _builder_version=&#8221;4.27.0&#8243; _module_preset=&#8221;default&#8221; global_colors_info=&#8221;{}&#8221;][et_pb_code _builder_version=&#8221;4.27.0&#8243; _module_preset=&#8221;default&#8221; custom_padding=&#8221;||0px|||&#8221; global_colors_info=&#8221;{}&#8221;]<script src=\"https:\/\/donorbox.org\/widget.js\" paypalExpress=\"true\"><\/script> <iframe data-src=\"https:\/\/donorbox.org\/embed\/donativos-generales?enable_auto_scroll=false\" name=\"donorbox\" allowpaymentrequest=\"allowpaymentrequest\" seamless=\"seamless\" frameborder=\"0\" scrolling=\"no\" height=\"900px\" width=\"100%\" style=\"max-width: 500px; min-width: 250px; max-height:none!important\" allow=\"payment\" src=\"data:image\/svg+xml;base64,PHN2ZyB3aWR0aD0iMSIgaGVpZ2h0PSIxIiB4bWxucz0iaHR0cDovL3d3dy53My5vcmcvMjAwMC9zdmciPjwvc3ZnPg==\" class=\"lazyload\" data-load-mode=\"1\"><\/iframe>[\/et_pb_code][\/et_pb_column][\/et_pb_row][\/et_pb_section][et_pb_section fb_built=&#8221;1&#8243; _builder_version=&#8221;4.16&#8243; _module_preset=&#8221;default&#8221; custom_margin=&#8221;-4px|||||&#8221; custom_padding=&#8221;34px|||||&#8221; global_colors_info=&#8221;{}&#8221;][et_pb_row _builder_version=&#8221;4.16&#8243; _module_preset=&#8221;default&#8221; custom_margin=&#8221;-15px|auto||auto||&#8221; global_colors_info=&#8221;{}&#8221;][et_pb_column type=&#8221;4_4&#8243; _builder_version=&#8221;4.16&#8243; _module_preset=&#8221;default&#8221; global_colors_info=&#8221;{}&#8221;][et_pb_text _builder_version=&#8221;4.27.0&#8243; _module_preset=&#8221;default&#8221; header_4_text_color=&#8221;#000000&#8243; header_4_font_size=&#8221;29px&#8221; custom_margin=&#8221;||7px|||&#8221; global_colors_info=&#8221;{}&#8221;]<\/p>\n<h1 style=\"text-align: center;\">Tambi\u00e9n puedes donar v\u00eda transferencia electr\u00f3nica<\/h1>\n<p>[\/et_pb_text][et_pb_blurb url_new_window=&#8221;on&#8221; use_icon=&#8221;on&#8221; font_icon=&#8221;&#xe0f3;||divi||400&#8243; image_icon_width=&#8221;58px&#8221; _builder_version=&#8221;4.27.0&#8243; _module_preset=&#8221;default&#8221; header_font_size=&#8221;28px&#8221; body_font_size=&#8221;17px&#8221; text_orientation=&#8221;center&#8221; custom_padding=&#8221;14px||15px|||&#8221; border_color_top=&#8221;RGBA(255,255,255,0)&#8221; icon_font_size=&#8221;58px&#8221; global_colors_info=&#8221;{}&#8221;]<\/p>\n<p>Realiza tu transferencia de fondos a nuestra cuenta en pesos mexicanos con los siguientes datos:<\/p>\n<p>Fundaci\u00f3n Paso del Norte<br \/>Banamex<br \/>Cuenta 370415<br \/>CLABE 002164701003704151<\/p>\n<p>Al hacer un donativo por transferencia puedes solicitarnos un recibo de donativo (CFDI) mexicano.<\/p>\n<p>[\/et_pb_blurb][et_pb_divider _builder_version=&#8221;4.27.0&#8243; _module_preset=&#8221;default&#8221; global_colors_info=&#8221;{}&#8221;][\/et_pb_divider][et_pb_text _builder_version=&#8221;4.27.0&#8243; _module_preset=&#8221;default&#8221; header_4_text_color=&#8221;#000000&#8243; header_4_font_size=&#8221;29px&#8221; custom_margin=&#8221;||7px|||&#8221; global_colors_info=&#8221;{}&#8221;]<\/p>\n<h1 style=\"text-align: center;\">Para donativos de Estados Unidos<\/h1>\n<p>[\/et_pb_text][et_pb_blurb url=&#8221;https:\/\/pdnfoundation.org\/give-to-a-fund\/fundacion-paso-del-norte-para-la-salud-y-bienestar-fund&#8221; url_new_window=&#8221;on&#8221; use_icon=&#8221;on&#8221; font_icon=&#8221;&#xe0b7;||divi||400&#8243; image_icon_width=&#8221;58px&#8221; _builder_version=&#8221;4.27.0&#8243; _module_preset=&#8221;default&#8221; header_font_size=&#8221;28px&#8221; body_font_size=&#8221;17px&#8221; text_orientation=&#8221;center&#8221; custom_margin=&#8221;||7px|||&#8221; custom_padding=&#8221;14px||15px|||&#8221; border_color_all=&#8221;#FFF347&#8243; icon_font_size=&#8221;58px&#8221; global_colors_info=&#8221;{}&#8221;]<\/p>\n<p>Si eres un donante extranjero y deseas hacer tu donativo en Estados Unidos, pero lograr un impacto en Ciudad Ju\u00e1rez, puedes apoyarnos a trav\u00e9s de nuestra fundaci\u00f3n hermana Paso del Norte Community Foundation.<\/p>\n<p>Al hacer clic en el bot\u00f3n, ser\u00e1s dirigido a la p\u00e1gina de Paso del Norte Community Foundation y puedes usar cualquier tarjeta de cr\u00e9dito o d\u00e9bito de manera segura para hacer tu donaci\u00f3n.<\/p>\n<p>Al usar esta opci\u00f3n podemos emitir un recibo de donativo americano y no un CFDI mexicano.<\/p>\n<p>[\/et_pb_blurb][et_pb_button button_url=&#8221;https:\/\/pdnfoundation.org\/give-to-a-fund\/fundacion-paso-del-norte-para-la-salud-y-bienestar-fund&#8221; url_new_window=&#8221;on&#8221; button_text=&#8221;Donar en USA&#8221; button_alignment=&#8221;center&#8221; _builder_version=&#8221;4.27.0&#8243; _module_preset=&#8221;default&#8221; custom_button=&#8221;on&#8221; button_text_color=&#8221;#FFFFFF&#8221; button_bg_color=&#8221;#0C71C3&#8243; button_border_radius=&#8221;17px&#8221; button_font=&#8221;|700|||||||&#8221; global_colors_info=&#8221;{}&#8221;][\/et_pb_button][\/et_pb_column][\/et_pb_row][\/et_pb_section]<\/p>\n","protected":false},"excerpt":{"rendered":"<p>\u00a1Tu donativo llega a la comunidad! Somos aliados estrat\u00e9gicos y un soporte para otras OSC que trabajan en \u00e1reas como educaci\u00f3n, salud, prevenci\u00f3n de la violencia, infancia, arte y cultura. Al donar, formar parte de una comunidad de generosidad en beneficio de Ciudad Ju\u00e1rez. &nbsp;Tambi\u00e9n puedes donar v\u00eda transferencia electr\u00f3nicaRealiza tu transferencia de fondos a [&hellip;]<\/p>\n","protected":false},"author":1,"featured_media":0,"parent":0,"menu_order":0,"comment_status":"closed","ping_status":"closed","template":"","meta":{"nf_dc_page":"","_et_pb_use_builder":"on","_et_pb_old_content":"","_et_gb_content_width":"","_monsterinsights_skip_tracking":false,"_monsterinsights_sitenote_active":false,"_monsterinsights_sitenote_note":"","_monsterinsights_sitenote_category":0,"footnotes":""},"class_list":["post-332","page","type-page","status-publish","hentry"],"yoast_head":"<!-- This site is optimized with the Yoast SEO plugin v27.4 - https:\/\/yoast.com\/product\/yoast-seo-wordpress\/ -->\n<title>Donar | Fundacion Paso del Norte<\/title>\n<meta name=\"robots\" content=\"index, follow, max-snippet:-1, max-image-preview:large, max-video-preview:-1\" \/>\n<link rel=\"canonical\" href=\"https:\/\/fundacionpdn.org\/en\/donar\/\" \/>\n<meta property=\"og:locale\" content=\"en_US\" \/>\n<meta property=\"og:type\" content=\"article\" \/>\n<meta property=\"og:title\" content=\"Donar | Fundacion Paso del Norte\" \/>\n<meta property=\"og:description\" content=\"\u00a1Tu donativo llega a la comunidad! Somos aliados estrat\u00e9gicos y un soporte para otras OSC que trabajan en \u00e1reas como educaci\u00f3n, salud, prevenci\u00f3n de la violencia, infancia, arte y cultura. Al donar, formar parte de una comunidad de generosidad en beneficio de Ciudad Ju\u00e1rez. &nbsp;Tambi\u00e9n puedes donar v\u00eda transferencia electr\u00f3nicaRealiza tu transferencia de fondos a [&hellip;]\" \/>\n<meta property=\"og:url\" content=\"https:\/\/fundacionpdn.org\/en\/donar\/\" \/>\n<meta property=\"og:site_name\" content=\"Fundacion Paso del Norte\" \/>\n<meta property=\"article:publisher\" content=\"https:\/\/facebook.com\/fundacionpdn\" \/>\n<meta property=\"article:modified_time\" content=\"2025-04-23T19:02:55+00:00\" \/>\n<meta property=\"og:image\" content=\"https:\/\/fundacionpdn.org\/wp-content\/uploads\/2023\/03\/SEO-Cover-FPDN.png\" \/>\n\t<meta property=\"og:image:width\" content=\"1200\" \/>\n\t<meta property=\"og:image:height\" content=\"675\" \/>\n\t<meta property=\"og:image:type\" content=\"image\/png\" \/>\n<meta name=\"twitter:card\" content=\"summary_large_image\" \/>\n<meta name=\"twitter:site\" content=\"@fundacionpdn\" \/>\n<meta name=\"twitter:label1\" content=\"Est. reading time\" \/>\n\t<meta name=\"twitter:data1\" content=\"3 minutes\" \/>\n<script type=\"application\/ld+json\" class=\"yoast-schema-graph\">{\"@context\":\"https:\\\/\\\/schema.org\",\"@graph\":[{\"@type\":\"WebPage\",\"@id\":\"https:\\\/\\\/fundacionpdn.org\\\/donar\\\/\",\"url\":\"https:\\\/\\\/fundacionpdn.org\\\/donar\\\/\",\"name\":\"Donar | Fundacion Paso del Norte\",\"isPartOf\":{\"@id\":\"https:\\\/\\\/fundacionpdn.org\\\/#website\"},\"datePublished\":\"2021-04-18T22:03:59+00:00\",\"dateModified\":\"2025-04-23T19:02:55+00:00\",\"breadcrumb\":{\"@id\":\"https:\\\/\\\/fundacionpdn.org\\\/donar\\\/#breadcrumb\"},\"inLanguage\":\"en-US\",\"potentialAction\":[{\"@type\":\"ReadAction\",\"target\":[\"https:\\\/\\\/fundacionpdn.org\\\/donar\\\/\"]}]},{\"@type\":\"BreadcrumbList\",\"@id\":\"https:\\\/\\\/fundacionpdn.org\\\/donar\\\/#breadcrumb\",\"itemListElement\":[{\"@type\":\"ListItem\",\"position\":1,\"name\":\"Home\",\"item\":\"https:\\\/\\\/fundacionpdn.org\\\/\"},{\"@type\":\"ListItem\",\"position\":2,\"name\":\"Donar\"}]},{\"@type\":\"WebSite\",\"@id\":\"https:\\\/\\\/fundacionpdn.org\\\/#website\",\"url\":\"https:\\\/\\\/fundacionpdn.org\\\/\",\"name\":\"Fundacion Paso del Norte\",\"description\":\"Organizaci\u00f3n sin fines de lucro en Ciudad Ju\u00e1rez\",\"publisher\":{\"@id\":\"https:\\\/\\\/fundacionpdn.org\\\/#organization\"},\"potentialAction\":[{\"@type\":\"SearchAction\",\"target\":{\"@type\":\"EntryPoint\",\"urlTemplate\":\"https:\\\/\\\/fundacionpdn.org\\\/?s={search_term_string}\"},\"query-input\":{\"@type\":\"PropertyValueSpecification\",\"valueRequired\":true,\"valueName\":\"search_term_string\"}}],\"inLanguage\":\"en-US\"},{\"@type\":\"Organization\",\"@id\":\"https:\\\/\\\/fundacionpdn.org\\\/#organization\",\"name\":\"Fundacion Paso del Norte\",\"url\":\"https:\\\/\\\/fundacionpdn.org\\\/\",\"logo\":{\"@type\":\"ImageObject\",\"inLanguage\":\"en-US\",\"@id\":\"https:\\\/\\\/fundacionpdn.org\\\/#\\\/schema\\\/logo\\\/image\\\/\",\"url\":\"https:\\\/\\\/fundacionpdn.org\\\/wp-content\\\/uploads\\\/2021\\\/04\\\/isotipoArtboard-4-e1618649901781.png\",\"contentUrl\":\"https:\\\/\\\/fundacionpdn.org\\\/wp-content\\\/uploads\\\/2021\\\/04\\\/isotipoArtboard-4-e1618649901781.png\",\"width\":1000,\"height\":226,\"caption\":\"Fundacion Paso del Norte\"},\"image\":{\"@id\":\"https:\\\/\\\/fundacionpdn.org\\\/#\\\/schema\\\/logo\\\/image\\\/\"},\"sameAs\":[\"https:\\\/\\\/facebook.com\\\/fundacionpdn\",\"https:\\\/\\\/x.com\\\/fundacionpdn\",\"https:\\\/\\\/www.youtube.com\\\/@fundacionpdn\",\"https:\\\/\\\/linkedin.com\\\/company\\\/fundacionpdn\"]}]}<\/script>\n<!-- \/ Yoast SEO plugin. -->","yoast_head_json":{"title":"Donar | Fundacion Paso del Norte","robots":{"index":"index","follow":"follow","max-snippet":"max-snippet:-1","max-image-preview":"max-image-preview:large","max-video-preview":"max-video-preview:-1"},"canonical":"https:\/\/fundacionpdn.org\/en\/donar\/","og_locale":"en_US","og_type":"article","og_title":"Donar | Fundacion Paso del Norte","og_description":"\u00a1Tu donativo llega a la comunidad! Somos aliados estrat\u00e9gicos y un soporte para otras OSC que trabajan en \u00e1reas como educaci\u00f3n, salud, prevenci\u00f3n de la violencia, infancia, arte y cultura. Al donar, formar parte de una comunidad de generosidad en beneficio de Ciudad Ju\u00e1rez. &nbsp;Tambi\u00e9n puedes donar v\u00eda transferencia electr\u00f3nicaRealiza tu transferencia de fondos a [&hellip;]","og_url":"https:\/\/fundacionpdn.org\/en\/donar\/","og_site_name":"Fundacion Paso del Norte","article_publisher":"https:\/\/facebook.com\/fundacionpdn","article_modified_time":"2025-04-23T19:02:55+00:00","og_image":[{"width":1200,"height":675,"url":"https:\/\/fundacionpdn.org\/wp-content\/uploads\/2023\/03\/SEO-Cover-FPDN.png","type":"image\/png"}],"twitter_card":"summary_large_image","twitter_site":"@fundacionpdn","twitter_misc":{"Est. reading time":"3 minutes"},"schema":{"@context":"https:\/\/schema.org","@graph":[{"@type":"WebPage","@id":"https:\/\/fundacionpdn.org\/donar\/","url":"https:\/\/fundacionpdn.org\/donar\/","name":"Donar | Fundacion Paso del Norte","isPartOf":{"@id":"https:\/\/fundacionpdn.org\/#website"},"datePublished":"2021-04-18T22:03:59+00:00","dateModified":"2025-04-23T19:02:55+00:00","breadcrumb":{"@id":"https:\/\/fundacionpdn.org\/donar\/#breadcrumb"},"inLanguage":"en-US","potentialAction":[{"@type":"ReadAction","target":["https:\/\/fundacionpdn.org\/donar\/"]}]},{"@type":"BreadcrumbList","@id":"https:\/\/fundacionpdn.org\/donar\/#breadcrumb","itemListElement":[{"@type":"ListItem","position":1,"name":"Home","item":"https:\/\/fundacionpdn.org\/"},{"@type":"ListItem","position":2,"name":"Donar"}]},{"@type":"WebSite","@id":"https:\/\/fundacionpdn.org\/#website","url":"https:\/\/fundacionpdn.org\/","name":"Fundacion Paso del Norte","description":"Organizaci\u00f3n sin fines de lucro en Ciudad Ju\u00e1rez","publisher":{"@id":"https:\/\/fundacionpdn.org\/#organization"},"potentialAction":[{"@type":"SearchAction","target":{"@type":"EntryPoint","urlTemplate":"https:\/\/fundacionpdn.org\/?s={search_term_string}"},"query-input":{"@type":"PropertyValueSpecification","valueRequired":true,"valueName":"search_term_string"}}],"inLanguage":"en-US"},{"@type":"Organization","@id":"https:\/\/fundacionpdn.org\/#organization","name":"Fundacion Paso del Norte","url":"https:\/\/fundacionpdn.org\/","logo":{"@type":"ImageObject","inLanguage":"en-US","@id":"https:\/\/fundacionpdn.org\/#\/schema\/logo\/image\/","url":"https:\/\/fundacionpdn.org\/wp-content\/uploads\/2021\/04\/isotipoArtboard-4-e1618649901781.png","contentUrl":"https:\/\/fundacionpdn.org\/wp-content\/uploads\/2021\/04\/isotipoArtboard-4-e1618649901781.png","width":1000,"height":226,"caption":"Fundacion Paso del Norte"},"image":{"@id":"https:\/\/fundacionpdn.org\/#\/schema\/logo\/image\/"},"sameAs":["https:\/\/facebook.com\/fundacionpdn","https:\/\/x.com\/fundacionpdn","https:\/\/www.youtube.com\/@fundacionpdn","https:\/\/linkedin.com\/company\/fundacionpdn"]}]}},"_links":{"self":[{"href":"https:\/\/fundacionpdn.org\/en\/wp-json\/wp\/v2\/pages\/332","targetHints":{"allow":["GET"]}}],"collection":[{"href":"https:\/\/fundacionpdn.org\/en\/wp-json\/wp\/v2\/pages"}],"about":[{"href":"https:\/\/fundacionpdn.org\/en\/wp-json\/wp\/v2\/types\/page"}],"author":[{"embeddable":true,"href":"https:\/\/fundacionpdn.org\/en\/wp-json\/wp\/v2\/users\/1"}],"replies":[{"embeddable":true,"href":"https:\/\/fundacionpdn.org\/en\/wp-json\/wp\/v2\/comments?post=332"}],"version-history":[{"count":5,"href":"https:\/\/fundacionpdn.org\/en\/wp-json\/wp\/v2\/pages\/332\/revisions"}],"predecessor-version":[{"id":4541,"href":"https:\/\/fundacionpdn.org\/en\/wp-json\/wp\/v2\/pages\/332\/revisions\/4541"}],"wp:attachment":[{"href":"https:\/\/fundacionpdn.org\/en\/wp-json\/wp\/v2\/media?parent=332"}],"curies":[{"name":"wp","href":"https:\/\/api.w.org\/{rel}","templated":true}]}}