{"id":342,"date":"2021-04-18T22:56:21","date_gmt":"2021-04-18T22:56:21","guid":{"rendered":"https:\/\/fundacionpdn.org\/?page_id=342"},"modified":"2025-04-15T00:01:40","modified_gmt":"2025-04-15T00:01:40","slug":"reto-por-la-salud","status":"publish","type":"page","link":"https:\/\/fundacionpdn.org\/en\/reto-por-la-salud\/","title":{"rendered":"Challenge Grant"},"content":{"rendered":"<p>[et_pb_section fb_built=&#8221;1&#8243; _builder_version=&#8221;4.16&#8243; _module_preset=&#8221;default&#8221; global_colors_info=&#8221;{}&#8221;][et_pb_row _builder_version=&#8221;4.16&#8243; _module_preset=&#8221;default&#8221; global_colors_info=&#8221;{}&#8221;][et_pb_column type=&#8221;4_4&#8243; _builder_version=&#8221;4.16&#8243; _module_preset=&#8221;default&#8221; global_colors_info=&#8221;{}&#8221;][et_pb_text _builder_version=&#8221;4.16&#8243; _module_preset=&#8221;default&#8221; text_font=&#8221;Montserrat||||||||&#8221; text_font_size=&#8221;36px&#8221; header_font=&#8221;Montserrat||||||||&#8221; text_orientation=&#8221;center&#8221; global_colors_info=&#8221;{}&#8221;]<\/p>\n<p>Reto por la Salud<\/p>\n<p>[\/et_pb_text][\/et_pb_column][\/et_pb_row][et_pb_row _builder_version=&#8221;4.16&#8243; _module_preset=&#8221;default&#8221; global_colors_info=&#8221;{}&#8221;][et_pb_column type=&#8221;4_4&#8243; _builder_version=&#8221;4.16&#8243; _module_preset=&#8221;default&#8221; global_colors_info=&#8221;{}&#8221;][et_pb_divider divider_weight=&#8221;5px&#8221; _builder_version=&#8221;4.16&#8243; _module_preset=&#8221;default&#8221; global_colors_info=&#8221;{}&#8221;][\/et_pb_divider][\/et_pb_column][\/et_pb_row][et_pb_row column_structure=&#8221;1_2,1_2&#8243; _builder_version=&#8221;4.16&#8243; _module_preset=&#8221;default&#8221; custom_padding=&#8221;||5px|||&#8221; global_colors_info=&#8221;{}&#8221;][et_pb_column type=&#8221;1_2&#8243; _builder_version=&#8221;4.16&#8243; _module_preset=&#8221;default&#8221; global_colors_info=&#8221;{}&#8221;][et_pb_text _builder_version=&#8221;4.16&#8243; _module_preset=&#8221;default&#8221; text_font_size=&#8221;16px&#8221; global_colors_info=&#8221;{}&#8221;]<\/p>\n<h3>Descripci\u00f3n del programa<\/h3>\n<p>Este programa busca fortalecer las actividades de procuraci\u00f3n de fondos de organizaciones sociales que implementan programas para elevar la calidad de vida en Ciudad Ju\u00e1rez. Las organizaciones que son seleccionadas para formar parte del Reto, son invitadas a planear una campa\u00f1a de procuraci\u00f3n de fondos de aproximadamente seis meses y por cada dos pesos que las organizaciones recaudan, Fundaci\u00f3n Paso del Norte aporta un peso adicional.<\/p>\n<p>[\/et_pb_text][et_pb_text _builder_version=&#8221;4.16&#8243; _module_preset=&#8221;default&#8221; text_font_size=&#8221;16px&#8221; global_colors_info=&#8221;{}&#8221;]<\/p>\n<h3>Raz\u00f3n para su creaci\u00f3n<\/h3>\n<h3><span style=\"font-size: 16px; color: #666666; font-family: 'Open Sans', Arial, sans-serif;\">Identificamos que no existen programas de empates de recursos en Ciudad Ju\u00e1rez y una necesidad de inspirar a las OSC a buscar nuevas formas de recaudar fondos y conectar con sus donantes. De igual forma, existen pocas opciones de financiamiento que permiten a las organizaciones usar los fondos para gastos administrativos y operativos.<\/span><\/h3>\n<p>[\/et_pb_text][\/et_pb_column][et_pb_column type=&#8221;1_2&#8243; _builder_version=&#8221;4.16&#8243; _module_preset=&#8221;default&#8221; global_colors_info=&#8221;{}&#8221;][et_pb_text _builder_version=&#8221;4.16&#8243; _module_preset=&#8221;default&#8221; custom_padding=&#8221;25px|20px|25px|20px|false|false&#8221; border_radii=&#8221;on|18px|18px|18px|18px&#8221; box_shadow_style=&#8221;preset6&#8243; global_colors_info=&#8221;{}&#8221;]<\/p>\n<h3 style=\"text-align: center;\">Objetivo estrat\u00e9gico que cumple en la Fundaci\u00f3n<\/h3>\n<p style=\"text-align: center;\">Fortalecer la capacidad t\u00e9cnica y financiera de organizaciones que implementan proyectos para elevar la calidad de vida en la comunidad.<\/p>\n<p>[\/et_pb_text][et_pb_image src=&#8221;https:\/\/fundacionpdn.org\/wp-content\/uploads\/2025\/03\/Reto-por-la-Salud.png&#8221; title_text=&#8221;Reto por la Salud&#8221; _builder_version=&#8221;4.27.0&#8243; _module_preset=&#8221;default&#8221; width=&#8221;89%&#8221; module_alignment=&#8221;center&#8221; custom_margin=&#8221;-2px||||false|false&#8221; custom_padding=&#8221;0px|||||&#8221; hover_enabled=&#8221;0&#8243; global_colors_info=&#8221;{}&#8221; sticky_enabled=&#8221;0&#8243;][\/et_pb_image][\/et_pb_column][\/et_pb_row][et_pb_row _builder_version=&#8221;4.16&#8243; _module_preset=&#8221;default&#8221; global_colors_info=&#8221;{}&#8221; custom_margin=&#8221;23px|auto||auto||&#8221;][et_pb_column type=&#8221;4_4&#8243; _builder_version=&#8221;4.16&#8243; _module_preset=&#8221;default&#8221; global_colors_info=&#8221;{}&#8221;][et_pb_text _builder_version=&#8221;4.27.0&#8243; _module_preset=&#8221;default&#8221; header_3_text_align=&#8221;center&#8221; hover_enabled=&#8221;0&#8243; global_colors_info=&#8221;{}&#8221; sticky_enabled=&#8221;0&#8243;]<\/p>\n<h1 style=\"text-align: center;\">RESULTADOS 2024<\/h1>\n<p>[\/et_pb_text][\/et_pb_column][\/et_pb_row][et_pb_row column_structure=&#8221;1_2,1_2&#8243; _builder_version=&#8221;4.16&#8243; _module_preset=&#8221;default&#8221; global_colors_info=&#8221;{}&#8221;][et_pb_column type=&#8221;1_2&#8243; _builder_version=&#8221;4.16&#8243; _module_preset=&#8221;default&#8221; global_colors_info=&#8221;{}&#8221;][et_pb_text _builder_version=&#8221;4.16&#8243; _module_preset=&#8221;default&#8221; text_font_size=&#8221;17px&#8221; text_orientation=&#8221;center&#8221; global_colors_info=&#8221;{}&#8221;]<\/p>\n<p>En el 2024 participaron 8 organizaciones de la sociedad civil desarrollaron campa\u00f1as de procuraci\u00f3n de fondos con diversas estrategias para recaudar desde $150,000 hasta $400,000 pesos. En apoyo a sus proyectos, la Fundaci\u00f3n otorg\u00f3 empates de fondos para incrementar los recursos para sus programas.\u00a0<\/p>\n<p>[\/et_pb_text][\/et_pb_column][et_pb_column type=&#8221;1_2&#8243; _builder_version=&#8221;4.16&#8243; _module_preset=&#8221;default&#8221; global_colors_info=&#8221;{}&#8221;][et_pb_text _builder_version=&#8221;4.16&#8243; _module_preset=&#8221;default&#8221; text_text_color=&#8221;#FFFFFF&#8221; text_font_size=&#8221;16px&#8221; header_3_text_color=&#8221;#FFFFFF&#8221; background_color=&#8221;#0C71C3&#8243; text_orientation=&#8221;center&#8221; custom_padding=&#8221;15px|15px|15px|15px|false|false&#8221; border_radii=&#8221;on|25px|25px|25px|25px&#8221; border_width_all=&#8221;3px&#8221; border_color_all=&#8221;#0C71C3&#8243; global_colors_info=&#8221;{}&#8221;]<\/p>\n<h3>Este programa representa una inversi\u00f3n en la comunidad de $3,081,405.99 pesos.<\/h3>\n<p>[\/et_pb_text][\/et_pb_column][\/et_pb_row][et_pb_row _builder_version=&#8221;4.16&#8243; _module_preset=&#8221;default&#8221; global_colors_info=&#8221;{}&#8221;][et_pb_column type=&#8221;4_4&#8243; _builder_version=&#8221;4.16&#8243; _module_preset=&#8221;default&#8221; global_colors_info=&#8221;{}&#8221;][et_pb_text _builder_version=&#8221;4.16&#8243; _module_preset=&#8221;default&#8221; text_font_size=&#8221;17px&#8221; text_orientation=&#8221;center&#8221; custom_margin=&#8221;-6px||||false|false&#8221; global_colors_info=&#8221;{}&#8221;]<\/p>\n<p>Organizaciones participantes y sus resultados:<\/p>\n<p>[\/et_pb_text][et_pb_image src=&#8221;https:\/\/fundacionpdn.org\/wp-content\/uploads\/2025\/04\/Tabla-de-Resultados-RETO-2024.png&#8221; _builder_version=&#8221;4.27.0&#8243; _module_preset=&#8221;default&#8221; title_text=&#8221;Tabla de Resultados RETO 2024&#8243; hover_enabled=&#8221;0&#8243; sticky_enabled=&#8221;0&#8243;][\/et_pb_image][\/et_pb_column][\/et_pb_row][\/et_pb_section]<\/p>\n","protected":false},"excerpt":{"rendered":"<p>Reto por la SaludDescripci\u00f3n del programa Este programa busca fortalecer las actividades de procuraci\u00f3n de fondos de organizaciones sociales que implementan programas para elevar la calidad de vida en Ciudad Ju\u00e1rez. Las organizaciones que son seleccionadas para formar parte del Reto, son invitadas a planear una campa\u00f1a de procuraci\u00f3n de fondos de aproximadamente seis meses [&hellip;]<\/p>\n","protected":false},"author":1,"featured_media":0,"parent":0,"menu_order":0,"comment_status":"closed","ping_status":"closed","template":"","meta":{"nf_dc_page":"","_et_pb_use_builder":"on","_et_pb_old_content":"","_et_gb_content_width":"","_monsterinsights_skip_tracking":false,"_monsterinsights_sitenote_active":false,"_monsterinsights_sitenote_note":"","_monsterinsights_sitenote_category":0,"footnotes":""},"class_list":["post-342","page","type-page","status-publish","hentry"],"yoast_head":"<!-- This site is optimized with the Yoast SEO plugin v27.5 - https:\/\/yoast.com\/product\/yoast-seo-wordpress\/ -->\n<title>Reto por la Salud | Fundacion Paso del Norte<\/title>\n<meta name=\"robots\" content=\"index, follow, max-snippet:-1, max-image-preview:large, max-video-preview:-1\" \/>\n<link rel=\"canonical\" href=\"https:\/\/fundacionpdn.org\/en\/reto-por-la-salud\/\" \/>\n<meta property=\"og:locale\" content=\"en_US\" \/>\n<meta property=\"og:type\" content=\"article\" \/>\n<meta property=\"og:title\" content=\"Reto por la Salud | Fundacion Paso del Norte\" \/>\n<meta property=\"og:description\" content=\"Reto por la SaludDescripci\u00f3n del programa Este programa busca fortalecer las actividades de procuraci\u00f3n de fondos de organizaciones sociales que implementan programas para elevar la calidad de vida en Ciudad Ju\u00e1rez. Las organizaciones que son seleccionadas para formar parte del Reto, son invitadas a planear una campa\u00f1a de procuraci\u00f3n de fondos de aproximadamente seis meses [&hellip;]\" \/>\n<meta property=\"og:url\" content=\"https:\/\/fundacionpdn.org\/en\/reto-por-la-salud\/\" \/>\n<meta property=\"og:site_name\" content=\"Fundacion Paso del Norte\" \/>\n<meta property=\"article:publisher\" content=\"https:\/\/facebook.com\/fundacionpdn\" \/>\n<meta property=\"article:modified_time\" content=\"2025-04-15T00:01:40+00:00\" \/>\n<meta property=\"og:image\" content=\"https:\/\/fundacionpdn.org\/wp-content\/uploads\/2023\/03\/SEO-Cover-FPDN.png\" \/>\n\t<meta property=\"og:image:width\" content=\"1200\" \/>\n\t<meta property=\"og:image:height\" content=\"675\" \/>\n\t<meta property=\"og:image:type\" content=\"image\/png\" \/>\n<meta name=\"twitter:card\" content=\"summary_large_image\" \/>\n<meta name=\"twitter:site\" content=\"@fundacionpdn\" \/>\n<meta name=\"twitter:label1\" content=\"Est. reading time\" \/>\n\t<meta name=\"twitter:data1\" content=\"4 minutes\" \/>\n<script type=\"application\/ld+json\" class=\"yoast-schema-graph\">{\"@context\":\"https:\\\/\\\/schema.org\",\"@graph\":[{\"@type\":\"WebPage\",\"@id\":\"https:\\\/\\\/fundacionpdn.org\\\/reto-por-la-salud\\\/\",\"url\":\"https:\\\/\\\/fundacionpdn.org\\\/reto-por-la-salud\\\/\",\"name\":\"Reto por la Salud | Fundacion Paso del Norte\",\"isPartOf\":{\"@id\":\"https:\\\/\\\/fundacionpdn.org\\\/#website\"},\"datePublished\":\"2021-04-18T22:56:21+00:00\",\"dateModified\":\"2025-04-15T00:01:40+00:00\",\"breadcrumb\":{\"@id\":\"https:\\\/\\\/fundacionpdn.org\\\/reto-por-la-salud\\\/#breadcrumb\"},\"inLanguage\":\"en-US\",\"potentialAction\":[{\"@type\":\"ReadAction\",\"target\":[\"https:\\\/\\\/fundacionpdn.org\\\/reto-por-la-salud\\\/\"]}]},{\"@type\":\"BreadcrumbList\",\"@id\":\"https:\\\/\\\/fundacionpdn.org\\\/reto-por-la-salud\\\/#breadcrumb\",\"itemListElement\":[{\"@type\":\"ListItem\",\"position\":1,\"name\":\"Home\",\"item\":\"https:\\\/\\\/fundacionpdn.org\\\/\"},{\"@type\":\"ListItem\",\"position\":2,\"name\":\"Reto por la Salud\"}]},{\"@type\":\"WebSite\",\"@id\":\"https:\\\/\\\/fundacionpdn.org\\\/#website\",\"url\":\"https:\\\/\\\/fundacionpdn.org\\\/\",\"name\":\"Fundacion Paso del Norte\",\"description\":\"Organizaci\u00f3n sin fines de lucro en Ciudad Ju\u00e1rez\",\"publisher\":{\"@id\":\"https:\\\/\\\/fundacionpdn.org\\\/#organization\"},\"potentialAction\":[{\"@type\":\"SearchAction\",\"target\":{\"@type\":\"EntryPoint\",\"urlTemplate\":\"https:\\\/\\\/fundacionpdn.org\\\/?s={search_term_string}\"},\"query-input\":{\"@type\":\"PropertyValueSpecification\",\"valueRequired\":true,\"valueName\":\"search_term_string\"}}],\"inLanguage\":\"en-US\"},{\"@type\":\"Organization\",\"@id\":\"https:\\\/\\\/fundacionpdn.org\\\/#organization\",\"name\":\"Fundacion Paso del Norte\",\"url\":\"https:\\\/\\\/fundacionpdn.org\\\/\",\"logo\":{\"@type\":\"ImageObject\",\"inLanguage\":\"en-US\",\"@id\":\"https:\\\/\\\/fundacionpdn.org\\\/#\\\/schema\\\/logo\\\/image\\\/\",\"url\":\"https:\\\/\\\/fundacionpdn.org\\\/wp-content\\\/uploads\\\/2021\\\/04\\\/isotipoArtboard-4-e1618649901781.png\",\"contentUrl\":\"https:\\\/\\\/fundacionpdn.org\\\/wp-content\\\/uploads\\\/2021\\\/04\\\/isotipoArtboard-4-e1618649901781.png\",\"width\":1000,\"height\":226,\"caption\":\"Fundacion Paso del Norte\"},\"image\":{\"@id\":\"https:\\\/\\\/fundacionpdn.org\\\/#\\\/schema\\\/logo\\\/image\\\/\"},\"sameAs\":[\"https:\\\/\\\/facebook.com\\\/fundacionpdn\",\"https:\\\/\\\/x.com\\\/fundacionpdn\",\"https:\\\/\\\/www.youtube.com\\\/@fundacionpdn\",\"https:\\\/\\\/linkedin.com\\\/company\\\/fundacionpdn\"]}]}<\/script>\n<!-- \/ Yoast SEO plugin. -->","yoast_head_json":{"title":"Reto por la Salud | Fundacion Paso del Norte","robots":{"index":"index","follow":"follow","max-snippet":"max-snippet:-1","max-image-preview":"max-image-preview:large","max-video-preview":"max-video-preview:-1"},"canonical":"https:\/\/fundacionpdn.org\/en\/reto-por-la-salud\/","og_locale":"en_US","og_type":"article","og_title":"Reto por la Salud | Fundacion Paso del Norte","og_description":"Reto por la SaludDescripci\u00f3n del programa Este programa busca fortalecer las actividades de procuraci\u00f3n de fondos de organizaciones sociales que implementan programas para elevar la calidad de vida en Ciudad Ju\u00e1rez. Las organizaciones que son seleccionadas para formar parte del Reto, son invitadas a planear una campa\u00f1a de procuraci\u00f3n de fondos de aproximadamente seis meses [&hellip;]","og_url":"https:\/\/fundacionpdn.org\/en\/reto-por-la-salud\/","og_site_name":"Fundacion Paso del Norte","article_publisher":"https:\/\/facebook.com\/fundacionpdn","article_modified_time":"2025-04-15T00:01:40+00:00","og_image":[{"width":1200,"height":675,"url":"https:\/\/fundacionpdn.org\/wp-content\/uploads\/2023\/03\/SEO-Cover-FPDN.png","type":"image\/png"}],"twitter_card":"summary_large_image","twitter_site":"@fundacionpdn","twitter_misc":{"Est. reading time":"4 minutes"},"schema":{"@context":"https:\/\/schema.org","@graph":[{"@type":"WebPage","@id":"https:\/\/fundacionpdn.org\/reto-por-la-salud\/","url":"https:\/\/fundacionpdn.org\/reto-por-la-salud\/","name":"Reto por la Salud | Fundacion Paso del Norte","isPartOf":{"@id":"https:\/\/fundacionpdn.org\/#website"},"datePublished":"2021-04-18T22:56:21+00:00","dateModified":"2025-04-15T00:01:40+00:00","breadcrumb":{"@id":"https:\/\/fundacionpdn.org\/reto-por-la-salud\/#breadcrumb"},"inLanguage":"en-US","potentialAction":[{"@type":"ReadAction","target":["https:\/\/fundacionpdn.org\/reto-por-la-salud\/"]}]},{"@type":"BreadcrumbList","@id":"https:\/\/fundacionpdn.org\/reto-por-la-salud\/#breadcrumb","itemListElement":[{"@type":"ListItem","position":1,"name":"Home","item":"https:\/\/fundacionpdn.org\/"},{"@type":"ListItem","position":2,"name":"Reto por la Salud"}]},{"@type":"WebSite","@id":"https:\/\/fundacionpdn.org\/#website","url":"https:\/\/fundacionpdn.org\/","name":"Fundacion Paso del Norte","description":"Organizaci\u00f3n sin fines de lucro en Ciudad Ju\u00e1rez","publisher":{"@id":"https:\/\/fundacionpdn.org\/#organization"},"potentialAction":[{"@type":"SearchAction","target":{"@type":"EntryPoint","urlTemplate":"https:\/\/fundacionpdn.org\/?s={search_term_string}"},"query-input":{"@type":"PropertyValueSpecification","valueRequired":true,"valueName":"search_term_string"}}],"inLanguage":"en-US"},{"@type":"Organization","@id":"https:\/\/fundacionpdn.org\/#organization","name":"Fundacion Paso del Norte","url":"https:\/\/fundacionpdn.org\/","logo":{"@type":"ImageObject","inLanguage":"en-US","@id":"https:\/\/fundacionpdn.org\/#\/schema\/logo\/image\/","url":"https:\/\/fundacionpdn.org\/wp-content\/uploads\/2021\/04\/isotipoArtboard-4-e1618649901781.png","contentUrl":"https:\/\/fundacionpdn.org\/wp-content\/uploads\/2021\/04\/isotipoArtboard-4-e1618649901781.png","width":1000,"height":226,"caption":"Fundacion Paso del Norte"},"image":{"@id":"https:\/\/fundacionpdn.org\/#\/schema\/logo\/image\/"},"sameAs":["https:\/\/facebook.com\/fundacionpdn","https:\/\/x.com\/fundacionpdn","https:\/\/www.youtube.com\/@fundacionpdn","https:\/\/linkedin.com\/company\/fundacionpdn"]}]}},"_links":{"self":[{"href":"https:\/\/fundacionpdn.org\/en\/wp-json\/wp\/v2\/pages\/342","targetHints":{"allow":["GET"]}}],"collection":[{"href":"https:\/\/fundacionpdn.org\/en\/wp-json\/wp\/v2\/pages"}],"about":[{"href":"https:\/\/fundacionpdn.org\/en\/wp-json\/wp\/v2\/types\/page"}],"author":[{"embeddable":true,"href":"https:\/\/fundacionpdn.org\/en\/wp-json\/wp\/v2\/users\/1"}],"replies":[{"embeddable":true,"href":"https:\/\/fundacionpdn.org\/en\/wp-json\/wp\/v2\/comments?post=342"}],"version-history":[{"count":4,"href":"https:\/\/fundacionpdn.org\/en\/wp-json\/wp\/v2\/pages\/342\/revisions"}],"predecessor-version":[{"id":4488,"href":"https:\/\/fundacionpdn.org\/en\/wp-json\/wp\/v2\/pages\/342\/revisions\/4488"}],"wp:attachment":[{"href":"https:\/\/fundacionpdn.org\/en\/wp-json\/wp\/v2\/media?parent=342"}],"curies":[{"name":"wp","href":"https:\/\/api.w.org\/{rel}","templated":true}]}}