{"id":496,"date":"2021-05-27T05:58:40","date_gmt":"2021-05-27T05:58:40","guid":{"rendered":"https:\/\/fundacionpdn.org\/?page_id=496"},"modified":"2025-04-15T03:55:26","modified_gmt":"2025-04-15T03:55:26","slug":"escuelas-de-bienestar","status":"publish","type":"page","link":"https:\/\/fundacionpdn.org\/en\/escuelas-de-bienestar\/","title":{"rendered":"Wellness Schools"},"content":{"rendered":"<p>[et_pb_section fb_built=&#8221;1&#8243; _builder_version=&#8221;4.16&#8243; _module_preset=&#8221;default&#8221; global_colors_info=&#8221;{}&#8221;][et_pb_row _builder_version=&#8221;4.16&#8243; _module_preset=&#8221;default&#8221; global_colors_info=&#8221;{}&#8221;][et_pb_column type=&#8221;4_4&#8243; _builder_version=&#8221;4.16&#8243; _module_preset=&#8221;default&#8221; global_colors_info=&#8221;{}&#8221;][et_pb_text _builder_version=&#8221;4.16&#8243; _module_preset=&#8221;default&#8221; text_font=&#8221;Montserrat||||||||&#8221; text_font_size=&#8221;36px&#8221; header_font=&#8221;Montserrat||||||||&#8221; text_orientation=&#8221;center&#8221; global_colors_info=&#8221;{}&#8221;]<\/p>\n<p>Escuelas de Bienestar<\/p>\n<p>[\/et_pb_text][\/et_pb_column][\/et_pb_row][et_pb_row _builder_version=&#8221;4.16&#8243; _module_preset=&#8221;default&#8221; global_colors_info=&#8221;{}&#8221;][et_pb_column type=&#8221;4_4&#8243; _builder_version=&#8221;4.16&#8243; _module_preset=&#8221;default&#8221; global_colors_info=&#8221;{}&#8221;][et_pb_divider divider_weight=&#8221;5px&#8221; _builder_version=&#8221;4.16&#8243; _module_preset=&#8221;default&#8221; global_colors_info=&#8221;{}&#8221;][\/et_pb_divider][\/et_pb_column][\/et_pb_row][et_pb_row _builder_version=&#8221;4.27.0&#8243; _module_preset=&#8221;default&#8221;][et_pb_column _builder_version=&#8221;4.27.0&#8243; _module_preset=&#8221;default&#8221; type=&#8221;4_4&#8243;][et_pb_text _builder_version=&#8221;4.27.0&#8243; _module_preset=&#8221;default&#8221; background_color=&#8221;#0C71C3&#8243; text_text_color=&#8221;#FFFFFF&#8221; text_font=&#8221;Montserrat||||||||&#8221; text_font_size=&#8221;17px&#8221; text_orientation=&#8221;center&#8221; custom_padding=&#8221;25px||25px||true|false&#8221; hover_enabled=&#8221;0&#8243; sticky_enabled=&#8221;0&#8243;]<\/p>\n<p>Este programa descontinu\u00f3 sus operaciones regulares al cierre del 2023. La Fundaci\u00f3n contin\u00faa brindando soporte y seguimiento al Grupo Impulsor de docentes que fue conformado como parte de esta iniciativa.<\/p>\n<p>[\/et_pb_text][\/et_pb_column][\/et_pb_row][et_pb_row column_structure=&#8221;1_2,1_2&#8243; _builder_version=&#8221;4.16&#8243; _module_preset=&#8221;default&#8221; custom_padding=&#8221;||20px|||&#8221; global_colors_info=&#8221;{}&#8221;][et_pb_column type=&#8221;1_2&#8243; _builder_version=&#8221;4.16&#8243; _module_preset=&#8221;default&#8221; global_colors_info=&#8221;{}&#8221;][et_pb_text _builder_version=&#8221;4.16&#8243; _module_preset=&#8221;default&#8221; text_font_size=&#8221;16px&#8221; custom_padding=&#8221;||1px|||&#8221; global_colors_info=&#8221;{}&#8221;]<\/p>\n<h3>Descripci\u00f3n del programa<\/h3>\n<p>Escuelas de Bienestar busca reducir expresiones de violencia en el entorno escolar. Para lograrlo, proponemos trabajar en el desarrollo de habilidades para la vida en ni\u00f1as, ni\u00f1os y adolescentes a trav\u00e9s de su clase de educaci\u00f3n f\u00edsica.<\/p>\n<p>Este programa ofrece capacitaci\u00f3n a docentes y facilitadores en la metodolog\u00eda dise\u00f1ada por Coaches Across Continents para usar el juego y el deporte para lograr impacto social. Cuando un docente se registra en nuestro programa, participa en talleres gratuitos que buscan que modifique ciertos aspectos de su clase e integrar temas sociales usando juegos y din\u00e1micas especiales.<\/p>\n<p>[\/et_pb_text][et_pb_text _builder_version=&#8221;4.16&#8243; _module_preset=&#8221;default&#8221; text_font_size=&#8221;16px&#8221; global_colors_info=&#8221;{}&#8221;]<\/p>\n<h3>Raz\u00f3n para su creaci\u00f3n<\/h3>\n<p>Uno de los principales problemas en Ciudad Ju\u00e1rez son los diferentes fen\u00f3menos de violencia y sus diferentes expresiones. En el entorno escolar, las conductas violentas se manifiestan en el discurso, convivencia y relaciones entre pares. De igual forma, el acoso escolar o &#8220;bullying&#8221; es un problema que predomina en las escuelas y finalmente, la violencia auto-inflingida que deriva de afectaciones emocionales y de ni\u00f1as, ni\u00f1os y adolescentes.<\/p>\n<p>[\/et_pb_text][\/et_pb_column][et_pb_column type=&#8221;1_2&#8243; _builder_version=&#8221;4.16&#8243; _module_preset=&#8221;default&#8221; global_colors_info=&#8221;{}&#8221;][et_pb_text _builder_version=&#8221;4.16&#8243; _module_preset=&#8221;default&#8221; text_font_size=&#8221;16px&#8221; custom_padding=&#8221;15px|15px|15px|15px|false|false&#8221; border_radii=&#8221;on|20px|20px|20px|20px&#8221; box_shadow_style=&#8221;preset6&#8243; global_colors_info=&#8221;{}&#8221;]<\/p>\n<h3 style=\"text-align: center;\">Objetivo estrat\u00e9gico que cumple en la Fundaci\u00f3n<\/h3>\n<p style=\"text-align: center;\">Generar\u00a0oportunidades que incidan en el desarrollo integral de las personas de esta comunidad.<\/p>\n<p>[\/et_pb_text][et_pb_image src=&#8221;https:\/\/fundacionpdn.org\/wp-content\/uploads\/2023\/03\/BLOBS-PROGRAMAS.png&#8221; title_text=&#8221;BLOBS PROGRAMAS&#8221; _builder_version=&#8221;4.16&#8243; _module_preset=&#8221;default&#8221; custom_margin=&#8221;-36px||||false|false&#8221; custom_padding=&#8221;0px|||||&#8221; global_colors_info=&#8221;{}&#8221;][\/et_pb_image][\/et_pb_column][\/et_pb_row][et_pb_row _builder_version=&#8221;4.16&#8243; _module_preset=&#8221;default&#8221; global_colors_info=&#8221;{}&#8221;][et_pb_column type=&#8221;4_4&#8243; _builder_version=&#8221;4.16&#8243; _module_preset=&#8221;default&#8221; global_colors_info=&#8221;{}&#8221;][et_pb_text _builder_version=&#8221;4.27.0&#8243; _module_preset=&#8221;default&#8221; header_3_text_align=&#8221;center&#8221; hover_enabled=&#8221;0&#8243; global_colors_info=&#8221;{}&#8221; sticky_enabled=&#8221;0&#8243;]<\/p>\n<h1 style=\"text-align: center;\">RESULTADOS ACUMULADOS AL 2023<\/h1>\n<p>[\/et_pb_text][\/et_pb_column][\/et_pb_row][et_pb_row column_structure=&#8221;1_3,1_3,1_3&#8243; _builder_version=&#8221;4.16&#8243; _module_preset=&#8221;default&#8221; global_colors_info=&#8221;{}&#8221;][et_pb_column type=&#8221;1_3&#8243; _builder_version=&#8221;4.16&#8243; _module_preset=&#8221;default&#8221; global_colors_info=&#8221;{}&#8221;][et_pb_number_counter title=&#8221;Docentes y facilitadores han sido capacitados&#8221; number=&#8221;179&#8243; percent_sign=&#8221;off&#8221; _builder_version=&#8221;4.27.0&#8243; _module_preset=&#8221;default&#8221; hover_enabled=&#8221;0&#8243; global_colors_info=&#8221;{}&#8221; sticky_enabled=&#8221;0&#8243;][\/et_pb_number_counter][\/et_pb_column][et_pb_column type=&#8221;1_3&#8243; _builder_version=&#8221;4.16&#8243; _module_preset=&#8221;default&#8221; global_colors_info=&#8221;{}&#8221;][et_pb_number_counter title=&#8221;Escuelas que utilizan nuestro curr\u00edculum de actividades &#8221; number=&#8221;193&#8243; percent_sign=&#8221;off&#8221; _builder_version=&#8221;4.27.0&#8243; _module_preset=&#8221;default&#8221; hover_enabled=&#8221;0&#8243; global_colors_info=&#8221;{}&#8221; sticky_enabled=&#8221;0&#8243;][\/et_pb_number_counter][\/et_pb_column][et_pb_column type=&#8221;1_3&#8243; _builder_version=&#8221;4.16&#8243; _module_preset=&#8221;default&#8221; global_colors_info=&#8221;{}&#8221;][et_pb_number_counter title=&#8221;Horas impartidas de capacitaci\u00f3n a docentes&#8221; number=&#8221;253&#8243; percent_sign=&#8221;off&#8221; _builder_version=&#8221;4.27.0&#8243; _module_preset=&#8221;default&#8221; hover_enabled=&#8221;0&#8243; global_colors_info=&#8221;{}&#8221; sticky_enabled=&#8221;0&#8243;][\/et_pb_number_counter][\/et_pb_column][\/et_pb_row][et_pb_row _builder_version=&#8221;4.27.0&#8243; _module_preset=&#8221;default&#8221; column_structure=&#8221;1_3,1_3,1_3&#8243;][et_pb_column _builder_version=&#8221;4.27.0&#8243; _module_preset=&#8221;default&#8221; type=&#8221;1_3&#8243;][et_pb_number_counter title=&#8221;Docentes certificados en la metodolog\u00eda de 3 a\u00f1os&#8221; number=&#8221;27&#8243; percent_sign=&#8221;off&#8221; _builder_version=&#8221;4.27.0&#8243; _module_preset=&#8221;default&#8221; hover_enabled=&#8221;0&#8243; global_colors_info=&#8221;{}&#8221; sticky_enabled=&#8221;0&#8243;][\/et_pb_number_counter][\/et_pb_column][et_pb_column _builder_version=&#8221;4.27.0&#8243; _module_preset=&#8221;default&#8221; type=&#8221;1_3&#8243;][et_pb_number_counter title=&#8221;Organizaciones de la Sociedad Civil que utilizan el curriculum&#8221; number=&#8221;27&#8243; percent_sign=&#8221;off&#8221; _builder_version=&#8221;4.27.0&#8243; _module_preset=&#8221;default&#8221; hover_enabled=&#8221;0&#8243; global_colors_info=&#8221;{}&#8221; sticky_enabled=&#8221;0&#8243;][\/et_pb_number_counter][\/et_pb_column][et_pb_column _builder_version=&#8221;4.27.0&#8243; _module_preset=&#8221;default&#8221; type=&#8221;1_3&#8243;][et_pb_number_counter title=&#8221;Balones de One World Play Project donados&#8221; number=&#8221;4790&#8243; percent_sign=&#8221;off&#8221; _builder_version=&#8221;4.27.0&#8243; _module_preset=&#8221;default&#8221; hover_enabled=&#8221;0&#8243; global_colors_info=&#8221;{}&#8221; sticky_enabled=&#8221;0&#8243;][\/et_pb_number_counter][\/et_pb_column][\/et_pb_row][\/et_pb_section]<\/p>\n","protected":false},"excerpt":{"rendered":"<p>Escuelas de BienestarEste programa descontinu\u00f3 sus operaciones regulares al cierre del 2023. La Fundaci\u00f3n contin\u00faa brindando soporte y seguimiento al Grupo Impulsor de docentes que fue conformado como parte de esta iniciativa.Descripci\u00f3n del programa Escuelas de Bienestar busca reducir expresiones de violencia en el entorno escolar. Para lograrlo, proponemos trabajar en el desarrollo de habilidades [&hellip;]<\/p>\n","protected":false},"author":1,"featured_media":0,"parent":0,"menu_order":0,"comment_status":"closed","ping_status":"closed","template":"","meta":{"nf_dc_page":"","_et_pb_use_builder":"on","_et_pb_old_content":"","_et_gb_content_width":"","_monsterinsights_skip_tracking":false,"_monsterinsights_sitenote_active":false,"_monsterinsights_sitenote_note":"","_monsterinsights_sitenote_category":0,"footnotes":""},"class_list":["post-496","page","type-page","status-publish","hentry"],"yoast_head":"<!-- This site is optimized with the Yoast SEO plugin v27.5 - https:\/\/yoast.com\/product\/yoast-seo-wordpress\/ -->\n<title>Escuelas de Bienestar | Fundacion Paso del Norte<\/title>\n<meta name=\"robots\" content=\"index, follow, max-snippet:-1, max-image-preview:large, max-video-preview:-1\" \/>\n<link rel=\"canonical\" href=\"https:\/\/fundacionpdn.org\/en\/escuelas-de-bienestar\/\" \/>\n<meta property=\"og:locale\" content=\"en_US\" \/>\n<meta property=\"og:type\" content=\"article\" \/>\n<meta property=\"og:title\" content=\"Escuelas de Bienestar | Fundacion Paso del Norte\" \/>\n<meta property=\"og:description\" content=\"Escuelas de BienestarEste programa descontinu\u00f3 sus operaciones regulares al cierre del 2023. La Fundaci\u00f3n contin\u00faa brindando soporte y seguimiento al Grupo Impulsor de docentes que fue conformado como parte de esta iniciativa.Descripci\u00f3n del programa Escuelas de Bienestar busca reducir expresiones de violencia en el entorno escolar. Para lograrlo, proponemos trabajar en el desarrollo de habilidades [&hellip;]\" \/>\n<meta property=\"og:url\" content=\"https:\/\/fundacionpdn.org\/en\/escuelas-de-bienestar\/\" \/>\n<meta property=\"og:site_name\" content=\"Fundacion Paso del Norte\" \/>\n<meta property=\"article:publisher\" content=\"https:\/\/facebook.com\/fundacionpdn\" \/>\n<meta property=\"article:modified_time\" content=\"2025-04-15T03:55:26+00:00\" \/>\n<meta property=\"og:image\" content=\"https:\/\/fundacionpdn.org\/wp-content\/uploads\/2023\/03\/SEO-Cover-FPDN.png\" \/>\n\t<meta property=\"og:image:width\" content=\"1200\" \/>\n\t<meta property=\"og:image:height\" content=\"675\" \/>\n\t<meta property=\"og:image:type\" content=\"image\/png\" \/>\n<meta name=\"twitter:card\" content=\"summary_large_image\" \/>\n<meta name=\"twitter:site\" content=\"@fundacionpdn\" \/>\n<meta name=\"twitter:label1\" content=\"Est. reading time\" \/>\n\t<meta name=\"twitter:data1\" content=\"5 minutes\" \/>\n<script type=\"application\/ld+json\" class=\"yoast-schema-graph\">{\"@context\":\"https:\\\/\\\/schema.org\",\"@graph\":[{\"@type\":\"WebPage\",\"@id\":\"https:\\\/\\\/fundacionpdn.org\\\/escuelas-de-bienestar\\\/\",\"url\":\"https:\\\/\\\/fundacionpdn.org\\\/escuelas-de-bienestar\\\/\",\"name\":\"Escuelas de Bienestar | Fundacion Paso del Norte\",\"isPartOf\":{\"@id\":\"https:\\\/\\\/fundacionpdn.org\\\/#website\"},\"datePublished\":\"2021-05-27T05:58:40+00:00\",\"dateModified\":\"2025-04-15T03:55:26+00:00\",\"breadcrumb\":{\"@id\":\"https:\\\/\\\/fundacionpdn.org\\\/escuelas-de-bienestar\\\/#breadcrumb\"},\"inLanguage\":\"en-US\",\"potentialAction\":[{\"@type\":\"ReadAction\",\"target\":[\"https:\\\/\\\/fundacionpdn.org\\\/escuelas-de-bienestar\\\/\"]}]},{\"@type\":\"BreadcrumbList\",\"@id\":\"https:\\\/\\\/fundacionpdn.org\\\/escuelas-de-bienestar\\\/#breadcrumb\",\"itemListElement\":[{\"@type\":\"ListItem\",\"position\":1,\"name\":\"Home\",\"item\":\"https:\\\/\\\/fundacionpdn.org\\\/\"},{\"@type\":\"ListItem\",\"position\":2,\"name\":\"Escuelas de Bienestar\"}]},{\"@type\":\"WebSite\",\"@id\":\"https:\\\/\\\/fundacionpdn.org\\\/#website\",\"url\":\"https:\\\/\\\/fundacionpdn.org\\\/\",\"name\":\"Fundacion Paso del Norte\",\"description\":\"Organizaci\u00f3n sin fines de lucro en Ciudad Ju\u00e1rez\",\"publisher\":{\"@id\":\"https:\\\/\\\/fundacionpdn.org\\\/#organization\"},\"potentialAction\":[{\"@type\":\"SearchAction\",\"target\":{\"@type\":\"EntryPoint\",\"urlTemplate\":\"https:\\\/\\\/fundacionpdn.org\\\/?s={search_term_string}\"},\"query-input\":{\"@type\":\"PropertyValueSpecification\",\"valueRequired\":true,\"valueName\":\"search_term_string\"}}],\"inLanguage\":\"en-US\"},{\"@type\":\"Organization\",\"@id\":\"https:\\\/\\\/fundacionpdn.org\\\/#organization\",\"name\":\"Fundacion Paso del Norte\",\"url\":\"https:\\\/\\\/fundacionpdn.org\\\/\",\"logo\":{\"@type\":\"ImageObject\",\"inLanguage\":\"en-US\",\"@id\":\"https:\\\/\\\/fundacionpdn.org\\\/#\\\/schema\\\/logo\\\/image\\\/\",\"url\":\"https:\\\/\\\/fundacionpdn.org\\\/wp-content\\\/uploads\\\/2021\\\/04\\\/isotipoArtboard-4-e1618649901781.png\",\"contentUrl\":\"https:\\\/\\\/fundacionpdn.org\\\/wp-content\\\/uploads\\\/2021\\\/04\\\/isotipoArtboard-4-e1618649901781.png\",\"width\":1000,\"height\":226,\"caption\":\"Fundacion Paso del Norte\"},\"image\":{\"@id\":\"https:\\\/\\\/fundacionpdn.org\\\/#\\\/schema\\\/logo\\\/image\\\/\"},\"sameAs\":[\"https:\\\/\\\/facebook.com\\\/fundacionpdn\",\"https:\\\/\\\/x.com\\\/fundacionpdn\",\"https:\\\/\\\/www.youtube.com\\\/@fundacionpdn\",\"https:\\\/\\\/linkedin.com\\\/company\\\/fundacionpdn\"]}]}<\/script>\n<!-- \/ Yoast SEO plugin. -->","yoast_head_json":{"title":"Escuelas de Bienestar | Fundacion Paso del Norte","robots":{"index":"index","follow":"follow","max-snippet":"max-snippet:-1","max-image-preview":"max-image-preview:large","max-video-preview":"max-video-preview:-1"},"canonical":"https:\/\/fundacionpdn.org\/en\/escuelas-de-bienestar\/","og_locale":"en_US","og_type":"article","og_title":"Escuelas de Bienestar | Fundacion Paso del Norte","og_description":"Escuelas de BienestarEste programa descontinu\u00f3 sus operaciones regulares al cierre del 2023. La Fundaci\u00f3n contin\u00faa brindando soporte y seguimiento al Grupo Impulsor de docentes que fue conformado como parte de esta iniciativa.Descripci\u00f3n del programa Escuelas de Bienestar busca reducir expresiones de violencia en el entorno escolar. Para lograrlo, proponemos trabajar en el desarrollo de habilidades [&hellip;]","og_url":"https:\/\/fundacionpdn.org\/en\/escuelas-de-bienestar\/","og_site_name":"Fundacion Paso del Norte","article_publisher":"https:\/\/facebook.com\/fundacionpdn","article_modified_time":"2025-04-15T03:55:26+00:00","og_image":[{"width":1200,"height":675,"url":"https:\/\/fundacionpdn.org\/wp-content\/uploads\/2023\/03\/SEO-Cover-FPDN.png","type":"image\/png"}],"twitter_card":"summary_large_image","twitter_site":"@fundacionpdn","twitter_misc":{"Est. reading time":"5 minutes"},"schema":{"@context":"https:\/\/schema.org","@graph":[{"@type":"WebPage","@id":"https:\/\/fundacionpdn.org\/escuelas-de-bienestar\/","url":"https:\/\/fundacionpdn.org\/escuelas-de-bienestar\/","name":"Escuelas de Bienestar | Fundacion Paso del Norte","isPartOf":{"@id":"https:\/\/fundacionpdn.org\/#website"},"datePublished":"2021-05-27T05:58:40+00:00","dateModified":"2025-04-15T03:55:26+00:00","breadcrumb":{"@id":"https:\/\/fundacionpdn.org\/escuelas-de-bienestar\/#breadcrumb"},"inLanguage":"en-US","potentialAction":[{"@type":"ReadAction","target":["https:\/\/fundacionpdn.org\/escuelas-de-bienestar\/"]}]},{"@type":"BreadcrumbList","@id":"https:\/\/fundacionpdn.org\/escuelas-de-bienestar\/#breadcrumb","itemListElement":[{"@type":"ListItem","position":1,"name":"Home","item":"https:\/\/fundacionpdn.org\/"},{"@type":"ListItem","position":2,"name":"Escuelas de Bienestar"}]},{"@type":"WebSite","@id":"https:\/\/fundacionpdn.org\/#website","url":"https:\/\/fundacionpdn.org\/","name":"Fundacion Paso del Norte","description":"Organizaci\u00f3n sin fines de lucro en Ciudad Ju\u00e1rez","publisher":{"@id":"https:\/\/fundacionpdn.org\/#organization"},"potentialAction":[{"@type":"SearchAction","target":{"@type":"EntryPoint","urlTemplate":"https:\/\/fundacionpdn.org\/?s={search_term_string}"},"query-input":{"@type":"PropertyValueSpecification","valueRequired":true,"valueName":"search_term_string"}}],"inLanguage":"en-US"},{"@type":"Organization","@id":"https:\/\/fundacionpdn.org\/#organization","name":"Fundacion Paso del Norte","url":"https:\/\/fundacionpdn.org\/","logo":{"@type":"ImageObject","inLanguage":"en-US","@id":"https:\/\/fundacionpdn.org\/#\/schema\/logo\/image\/","url":"https:\/\/fundacionpdn.org\/wp-content\/uploads\/2021\/04\/isotipoArtboard-4-e1618649901781.png","contentUrl":"https:\/\/fundacionpdn.org\/wp-content\/uploads\/2021\/04\/isotipoArtboard-4-e1618649901781.png","width":1000,"height":226,"caption":"Fundacion Paso del Norte"},"image":{"@id":"https:\/\/fundacionpdn.org\/#\/schema\/logo\/image\/"},"sameAs":["https:\/\/facebook.com\/fundacionpdn","https:\/\/x.com\/fundacionpdn","https:\/\/www.youtube.com\/@fundacionpdn","https:\/\/linkedin.com\/company\/fundacionpdn"]}]}},"_links":{"self":[{"href":"https:\/\/fundacionpdn.org\/en\/wp-json\/wp\/v2\/pages\/496","targetHints":{"allow":["GET"]}}],"collection":[{"href":"https:\/\/fundacionpdn.org\/en\/wp-json\/wp\/v2\/pages"}],"about":[{"href":"https:\/\/fundacionpdn.org\/en\/wp-json\/wp\/v2\/types\/page"}],"author":[{"embeddable":true,"href":"https:\/\/fundacionpdn.org\/en\/wp-json\/wp\/v2\/users\/1"}],"replies":[{"embeddable":true,"href":"https:\/\/fundacionpdn.org\/en\/wp-json\/wp\/v2\/comments?post=496"}],"version-history":[{"count":4,"href":"https:\/\/fundacionpdn.org\/en\/wp-json\/wp\/v2\/pages\/496\/revisions"}],"predecessor-version":[{"id":4502,"href":"https:\/\/fundacionpdn.org\/en\/wp-json\/wp\/v2\/pages\/496\/revisions\/4502"}],"wp:attachment":[{"href":"https:\/\/fundacionpdn.org\/en\/wp-json\/wp\/v2\/media?parent=496"}],"curies":[{"name":"wp","href":"https:\/\/api.w.org\/{rel}","templated":true}]}}