{"id":715,"date":"2022-01-12T02:47:48","date_gmt":"2022-01-12T02:47:48","guid":{"rendered":"https:\/\/fundacionpdn.org\/?page_id=715"},"modified":"2023-02-15T23:15:59","modified_gmt":"2023-02-15T23:15:59","slug":"fondo-auxillium","status":"publish","type":"page","link":"https:\/\/fundacionpdn.org\/en\/fondo-auxillium\/","title":{"rendered":"Auxillium Fund"},"content":{"rendered":"<p>[et_pb_section fb_built=&#8221;1&#8243; _builder_version=&#8221;4.9.4&#8243; _module_preset=&#8221;default&#8221;][et_pb_row _builder_version=&#8221;4.9.4&#8243; _module_preset=&#8221;default&#8221;][et_pb_column type=&#8221;4_4&#8243; _builder_version=&#8221;4.9.4&#8243; _module_preset=&#8221;default&#8221;][et_pb_text _builder_version=&#8221;4.9.4&#8243; _module_preset=&#8221;default&#8221; text_font=&#8221;Montserrat||||||||&#8221; text_font_size=&#8221;36px&#8221; header_font=&#8221;Montserrat||||||||&#8221; text_orientation=&#8221;center&#8221;]<\/p>\n<p>Fondo Auxillium<\/p>\n<p>[\/et_pb_text][\/et_pb_column][\/et_pb_row][et_pb_row _builder_version=&#8221;4.9.4&#8243; _module_preset=&#8221;default&#8221;][et_pb_column type=&#8221;4_4&#8243; _builder_version=&#8221;4.9.4&#8243; _module_preset=&#8221;default&#8221;][et_pb_divider divider_weight=&#8221;5px&#8221; _builder_version=&#8221;4.9.4&#8243; _module_preset=&#8221;default&#8221;][\/et_pb_divider][\/et_pb_column][\/et_pb_row][et_pb_row _builder_version=&#8221;4.9.4&#8243; _module_preset=&#8221;default&#8221; custom_margin=&#8221;-22px|auto||auto||&#8221;][et_pb_column type=&#8221;4_4&#8243; _builder_version=&#8221;4.9.4&#8243; _module_preset=&#8221;default&#8221;][et_pb_text _builder_version=&#8221;4.9.4&#8243; _module_preset=&#8221;default&#8221; text_font_size=&#8221;16px&#8221;]<\/p>\n<p>En el 2021, ante el desarrollo y autorizaci\u00f3n de vacunas contra el COVID-19 en el mundo, la nueva gran tarea para enfrentar esta pandemia fue la vacunaci\u00f3n de la poblaci\u00f3n. El gobierno federal deline\u00f3 una estrategia para la distribuci\u00f3n de vacunas en todo el pa\u00eds y solicit\u00f3 el apoyo de la iniciativa privada y organizaciones sociales para apoyar las jornadas y brigadas de vacunaci\u00f3n.<\/p>\n<p>Ante esta necesidad, <strong>Pedro Ochoa<\/strong>, un joven fronterizo y fundador de la <a href=\"https:\/\/www.auxillium.net\/\" target=\"_blank\" rel=\"noopener\">asociaci\u00f3n civil Auxillium<\/a>, se acerc\u00f3 a Fundaci\u00f3n Paso del Norte para establecer este fondo. Gracias a su iniciativa y con el apoyo de l\u00edderes, empresarios de la comunidad y nuestra Fundaci\u00f3n se realiz\u00f3 una campa\u00f1a para recabar donativos para el Fondo Auxillium que dedicar\u00eda sus recursos para impulsar la vacunaci\u00f3n en Ciudad Ju\u00e1rez, apoyando al gobierno federal con gastos de log\u00edstica que no ten\u00edan contemplados, por ejemplo: carpas, mesas, sillas, hidrataci\u00f3n, alimentaci\u00f3n, insumos de papeler\u00eda y otros materiales que se usar\u00edan en los puntos de vacunaci\u00f3n y entre brigadistas y personal voluntario.<\/p>\n<p>[\/et_pb_text][et_pb_testimonial author=&#8221;PEDRO OCHOA&#8221; job_title=&#8221;Fundador del Fondo Auxillium&#8221; portrait_url=&#8221;https:\/\/fundacionpdn.org\/wp-content\/uploads\/2022\/01\/Pedro_Ochoa-e1642292794248.jpg&#8221; quote_icon_color=&#8221;#0C71C3&#8243; _builder_version=&#8221;4.9.4&#8243; _module_preset=&#8221;default&#8221; body_text_color=&#8221;#00457A&#8221; body_font_size=&#8221;16px&#8221; author_line_height=&#8221;1em&#8221;]<\/p>\n<p>Ha sido un verdadero privilegio poder ayudar a Ciudad Ju\u00e1rez en sus jornadas de vacunaci\u00f3n contra el COVID-19 y aprender de la Fundaci\u00f3n Paso Del Norte, cuyo staff contribuye profesionalmente todos los d\u00edas para mejorar la calidad de vida en la ciudad.<\/p>\n<p>[\/et_pb_testimonial][et_pb_text _builder_version=&#8221;4.9.4&#8243; _module_preset=&#8221;default&#8221; text_font_size=&#8221;16px&#8221; custom_padding=&#8221;||0px|||&#8221;]<\/p>\n<h3><span style=\"font-size: 16px; color: #666666; font-family: 'Open Sans', Arial, sans-serif;\">Para asegurar un uso transparente de los recursos, sumamos a la <a href=\"https:\/\/www.fechac.org\" target=\"_blank\" rel=\"noopener\">Fundaci\u00f3n del Empresariado Chihuahuense<\/a> para fungir como asesores t\u00e9cnicos del fondo y realizar recomendaciones sobre las compras y gastos que realizar\u00edamos para apoyar las jornadas de vacunaci\u00f3n. Asegurando un doble control sobre estos recursos.<\/span><\/h3>\n<h3><span style=\"font-size: 16px; color: #666666; font-family: 'Open Sans', Arial, sans-serif;\">El Fondo Auxillium recaud\u00f3 m\u00e1s de 2.8 millones de pesos en s\u00f3lo dos semanas, lo cual nos permiti\u00f3 apoyar al gobierno federal desde las primeras jornadas de vacunaci\u00f3n en Ciudad Ju\u00e1rez. Los recursos de este fondo se utilizan directamente en gastos de servicios y materiales y no son transferidos o entregados a otras entidades de gobierno u organizaciones sociales.\u00a0<\/span><\/h3>\n<p>[\/et_pb_text][\/et_pb_column][\/et_pb_row][et_pb_row _builder_version=&#8221;4.9.4&#8243; _module_preset=&#8221;default&#8221;][et_pb_column type=&#8221;4_4&#8243; _builder_version=&#8221;4.9.4&#8243; _module_preset=&#8221;default&#8221;][et_pb_text _builder_version=&#8221;4.9.4&#8243; _module_preset=&#8221;default&#8221; header_3_text_align=&#8221;center&#8221;]<\/p>\n<h3>Principales resultados 2021<\/h3>\n<p>[\/et_pb_text][\/et_pb_column][\/et_pb_row][et_pb_row column_structure=&#8221;1_3,1_3,1_3&#8243; _builder_version=&#8221;4.9.4&#8243; _module_preset=&#8221;default&#8221;][et_pb_column type=&#8221;1_3&#8243; _builder_version=&#8221;4.9.4&#8243; _module_preset=&#8221;default&#8221;][et_pb_number_counter title=&#8221;Millones de pesos recaudados&#8221; number=&#8221;2.87&#8243; percent_sign=&#8221;off&#8221; _builder_version=&#8221;4.9.4&#8243; _module_preset=&#8221;default&#8221;][\/et_pb_number_counter][\/et_pb_column][et_pb_column type=&#8221;1_3&#8243; _builder_version=&#8221;4.9.4&#8243; _module_preset=&#8221;default&#8221;][et_pb_number_counter title=&#8221;Donantes y aliados del fondo&#8221; number=&#8221;30&#8243; percent_sign=&#8221;off&#8221; _builder_version=&#8221;4.9.4&#8243; _module_preset=&#8221;default&#8221;][\/et_pb_number_counter][\/et_pb_column][et_pb_column type=&#8221;1_3&#8243; _builder_version=&#8221;4.9.4&#8243; _module_preset=&#8221;default&#8221;][et_pb_number_counter title=&#8221;Jornadas de vacunaci\u00f3n apoyadas&#8221; number=&#8221;8&#8243; percent_sign=&#8221;off&#8221; _builder_version=&#8221;4.9.4&#8243; _module_preset=&#8221;default&#8221;][\/et_pb_number_counter][\/et_pb_column][\/et_pb_row][et_pb_row _builder_version=&#8221;4.9.4&#8243; _module_preset=&#8221;default&#8221; hover_enabled=&#8221;0&#8243; disabled_on=&#8221;on|on|on&#8221; disabled=&#8221;on&#8221; sticky_enabled=&#8221;0&#8243;][et_pb_column type=&#8221;4_4&#8243; _builder_version=&#8221;4.9.4&#8243; _module_preset=&#8221;default&#8221;][et_pb_cta title=&#8221;APOYA ESTE FONDO CON UN DONATIVO&#8221; button_text=&#8221;Click Here&#8221; _builder_version=&#8221;4.9.4&#8243; _module_preset=&#8221;default&#8221;]<\/p>\n<p>Fundaci\u00f3n Paso del Norte es una asociaci\u00f3n civil sin fines de lucro y autorizada para emitir comprobantes fiscales deducibles de impuestos.<\/p>\n<p>Cumplimos con altos est\u00e1ndares de transparencia y rendici\u00f3n de cuentas y estamos certificados por la organizaci\u00f3n independiente CONF\u00cdO.<\/p>\n<p>&nbsp;<\/p>\n<p>&nbsp;<\/p>\n<p>[\/et_pb_cta][\/et_pb_column][\/et_pb_row][\/et_pb_section]<\/p>\n","protected":false},"excerpt":{"rendered":"<p>Fondo AuxilliumEn el 2021, ante el desarrollo y autorizaci\u00f3n de vacunas contra el COVID-19 en el mundo, la nueva gran tarea para enfrentar esta pandemia fue la vacunaci\u00f3n de la poblaci\u00f3n. El gobierno federal deline\u00f3 una estrategia para la distribuci\u00f3n de vacunas en todo el pa\u00eds y solicit\u00f3 el apoyo de la iniciativa privada y [&hellip;]<\/p>\n","protected":false},"author":1,"featured_media":0,"parent":0,"menu_order":0,"comment_status":"closed","ping_status":"closed","template":"","meta":{"nf_dc_page":"","_et_pb_use_builder":"on","_et_pb_old_content":"","_et_gb_content_width":"","_monsterinsights_skip_tracking":false,"_monsterinsights_sitenote_active":false,"_monsterinsights_sitenote_note":"","_monsterinsights_sitenote_category":0,"footnotes":""},"class_list":["post-715","page","type-page","status-publish","hentry"],"yoast_head":"<!-- This site is optimized with the Yoast SEO plugin v27.6 - https:\/\/yoast.com\/product\/yoast-seo-wordpress\/ -->\n<title>Fondo Auxillium | Fundacion Paso del Norte<\/title>\n<meta name=\"description\" content=\"Con el apoyo de donantes y empresarios, participamos en las jornadas de vacunaci\u00f3n del gobierno federal apoy\u00e1ndolos con gastos de log\u00edstica.\" \/>\n<meta name=\"robots\" content=\"index, follow, max-snippet:-1, max-image-preview:large, max-video-preview:-1\" \/>\n<link rel=\"canonical\" href=\"https:\/\/fundacionpdn.org\/en\/fondo-auxillium\/\" \/>\n<meta property=\"og:locale\" content=\"en_US\" \/>\n<meta property=\"og:type\" content=\"article\" \/>\n<meta property=\"og:title\" content=\"Fondo Auxillium | Fundacion Paso del Norte\" \/>\n<meta property=\"og:description\" content=\"Con el apoyo de donantes y empresarios, participamos en las jornadas de vacunaci\u00f3n del gobierno federal apoy\u00e1ndolos con gastos de log\u00edstica.\" \/>\n<meta property=\"og:url\" content=\"https:\/\/fundacionpdn.org\/en\/fondo-auxillium\/\" \/>\n<meta property=\"og:site_name\" content=\"Fundacion Paso del Norte\" \/>\n<meta property=\"article:publisher\" content=\"https:\/\/facebook.com\/fundacionpdn\" \/>\n<meta property=\"article:modified_time\" content=\"2023-02-15T23:15:59+00:00\" \/>\n<meta property=\"og:image\" content=\"https:\/\/fundacionpdn.org\/wp-content\/uploads\/2023\/03\/SEO-Cover-FPDN.png\" \/>\n\t<meta property=\"og:image:width\" content=\"1200\" \/>\n\t<meta property=\"og:image:height\" content=\"675\" \/>\n\t<meta property=\"og:image:type\" content=\"image\/png\" \/>\n<meta name=\"twitter:card\" content=\"summary_large_image\" \/>\n<meta name=\"twitter:site\" content=\"@fundacionpdn\" \/>\n<meta name=\"twitter:label1\" content=\"Est. reading time\" \/>\n\t<meta name=\"twitter:data1\" content=\"3 minutes\" \/>\n<script type=\"application\/ld+json\" class=\"yoast-schema-graph\">{\"@context\":\"https:\\\/\\\/schema.org\",\"@graph\":[{\"@type\":\"WebPage\",\"@id\":\"https:\\\/\\\/fundacionpdn.org\\\/fondo-auxillium\\\/\",\"url\":\"https:\\\/\\\/fundacionpdn.org\\\/fondo-auxillium\\\/\",\"name\":\"Fondo Auxillium | Fundacion Paso del Norte\",\"isPartOf\":{\"@id\":\"https:\\\/\\\/fundacionpdn.org\\\/#website\"},\"datePublished\":\"2022-01-12T02:47:48+00:00\",\"dateModified\":\"2023-02-15T23:15:59+00:00\",\"description\":\"Con el apoyo de donantes y empresarios, participamos en las jornadas de vacunaci\u00f3n del gobierno federal apoy\u00e1ndolos con gastos de log\u00edstica.\",\"breadcrumb\":{\"@id\":\"https:\\\/\\\/fundacionpdn.org\\\/fondo-auxillium\\\/#breadcrumb\"},\"inLanguage\":\"en-US\",\"potentialAction\":[{\"@type\":\"ReadAction\",\"target\":[\"https:\\\/\\\/fundacionpdn.org\\\/fondo-auxillium\\\/\"]}]},{\"@type\":\"BreadcrumbList\",\"@id\":\"https:\\\/\\\/fundacionpdn.org\\\/fondo-auxillium\\\/#breadcrumb\",\"itemListElement\":[{\"@type\":\"ListItem\",\"position\":1,\"name\":\"Home\",\"item\":\"https:\\\/\\\/fundacionpdn.org\\\/\"},{\"@type\":\"ListItem\",\"position\":2,\"name\":\"Fondo Auxillium\"}]},{\"@type\":\"WebSite\",\"@id\":\"https:\\\/\\\/fundacionpdn.org\\\/#website\",\"url\":\"https:\\\/\\\/fundacionpdn.org\\\/\",\"name\":\"Fundacion Paso del Norte\",\"description\":\"Organizaci\u00f3n sin fines de lucro en Ciudad Ju\u00e1rez\",\"publisher\":{\"@id\":\"https:\\\/\\\/fundacionpdn.org\\\/#organization\"},\"potentialAction\":[{\"@type\":\"SearchAction\",\"target\":{\"@type\":\"EntryPoint\",\"urlTemplate\":\"https:\\\/\\\/fundacionpdn.org\\\/?s={search_term_string}\"},\"query-input\":{\"@type\":\"PropertyValueSpecification\",\"valueRequired\":true,\"valueName\":\"search_term_string\"}}],\"inLanguage\":\"en-US\"},{\"@type\":\"Organization\",\"@id\":\"https:\\\/\\\/fundacionpdn.org\\\/#organization\",\"name\":\"Fundacion Paso del Norte\",\"url\":\"https:\\\/\\\/fundacionpdn.org\\\/\",\"logo\":{\"@type\":\"ImageObject\",\"inLanguage\":\"en-US\",\"@id\":\"https:\\\/\\\/fundacionpdn.org\\\/#\\\/schema\\\/logo\\\/image\\\/\",\"url\":\"https:\\\/\\\/fundacionpdn.org\\\/wp-content\\\/uploads\\\/2021\\\/04\\\/isotipoArtboard-4-e1618649901781.png\",\"contentUrl\":\"https:\\\/\\\/fundacionpdn.org\\\/wp-content\\\/uploads\\\/2021\\\/04\\\/isotipoArtboard-4-e1618649901781.png\",\"width\":1000,\"height\":226,\"caption\":\"Fundacion Paso del Norte\"},\"image\":{\"@id\":\"https:\\\/\\\/fundacionpdn.org\\\/#\\\/schema\\\/logo\\\/image\\\/\"},\"sameAs\":[\"https:\\\/\\\/facebook.com\\\/fundacionpdn\",\"https:\\\/\\\/x.com\\\/fundacionpdn\",\"https:\\\/\\\/www.youtube.com\\\/@fundacionpdn\",\"https:\\\/\\\/linkedin.com\\\/company\\\/fundacionpdn\"]}]}<\/script>\n<!-- \/ Yoast SEO plugin. -->","yoast_head_json":{"title":"Fondo Auxillium | Fundacion Paso del Norte","description":"Con el apoyo de donantes y empresarios, participamos en las jornadas de vacunaci\u00f3n del gobierno federal apoy\u00e1ndolos con gastos de log\u00edstica.","robots":{"index":"index","follow":"follow","max-snippet":"max-snippet:-1","max-image-preview":"max-image-preview:large","max-video-preview":"max-video-preview:-1"},"canonical":"https:\/\/fundacionpdn.org\/en\/fondo-auxillium\/","og_locale":"en_US","og_type":"article","og_title":"Fondo Auxillium | Fundacion Paso del Norte","og_description":"Con el apoyo de donantes y empresarios, participamos en las jornadas de vacunaci\u00f3n del gobierno federal apoy\u00e1ndolos con gastos de log\u00edstica.","og_url":"https:\/\/fundacionpdn.org\/en\/fondo-auxillium\/","og_site_name":"Fundacion Paso del Norte","article_publisher":"https:\/\/facebook.com\/fundacionpdn","article_modified_time":"2023-02-15T23:15:59+00:00","og_image":[{"width":1200,"height":675,"url":"https:\/\/fundacionpdn.org\/wp-content\/uploads\/2023\/03\/SEO-Cover-FPDN.png","type":"image\/png"}],"twitter_card":"summary_large_image","twitter_site":"@fundacionpdn","twitter_misc":{"Est. reading time":"3 minutes"},"schema":{"@context":"https:\/\/schema.org","@graph":[{"@type":"WebPage","@id":"https:\/\/fundacionpdn.org\/fondo-auxillium\/","url":"https:\/\/fundacionpdn.org\/fondo-auxillium\/","name":"Fondo Auxillium | Fundacion Paso del Norte","isPartOf":{"@id":"https:\/\/fundacionpdn.org\/#website"},"datePublished":"2022-01-12T02:47:48+00:00","dateModified":"2023-02-15T23:15:59+00:00","description":"Con el apoyo de donantes y empresarios, participamos en las jornadas de vacunaci\u00f3n del gobierno federal apoy\u00e1ndolos con gastos de log\u00edstica.","breadcrumb":{"@id":"https:\/\/fundacionpdn.org\/fondo-auxillium\/#breadcrumb"},"inLanguage":"en-US","potentialAction":[{"@type":"ReadAction","target":["https:\/\/fundacionpdn.org\/fondo-auxillium\/"]}]},{"@type":"BreadcrumbList","@id":"https:\/\/fundacionpdn.org\/fondo-auxillium\/#breadcrumb","itemListElement":[{"@type":"ListItem","position":1,"name":"Home","item":"https:\/\/fundacionpdn.org\/"},{"@type":"ListItem","position":2,"name":"Fondo Auxillium"}]},{"@type":"WebSite","@id":"https:\/\/fundacionpdn.org\/#website","url":"https:\/\/fundacionpdn.org\/","name":"Fundacion Paso del Norte","description":"Organizaci\u00f3n sin fines de lucro en Ciudad Ju\u00e1rez","publisher":{"@id":"https:\/\/fundacionpdn.org\/#organization"},"potentialAction":[{"@type":"SearchAction","target":{"@type":"EntryPoint","urlTemplate":"https:\/\/fundacionpdn.org\/?s={search_term_string}"},"query-input":{"@type":"PropertyValueSpecification","valueRequired":true,"valueName":"search_term_string"}}],"inLanguage":"en-US"},{"@type":"Organization","@id":"https:\/\/fundacionpdn.org\/#organization","name":"Fundacion Paso del Norte","url":"https:\/\/fundacionpdn.org\/","logo":{"@type":"ImageObject","inLanguage":"en-US","@id":"https:\/\/fundacionpdn.org\/#\/schema\/logo\/image\/","url":"https:\/\/fundacionpdn.org\/wp-content\/uploads\/2021\/04\/isotipoArtboard-4-e1618649901781.png","contentUrl":"https:\/\/fundacionpdn.org\/wp-content\/uploads\/2021\/04\/isotipoArtboard-4-e1618649901781.png","width":1000,"height":226,"caption":"Fundacion Paso del Norte"},"image":{"@id":"https:\/\/fundacionpdn.org\/#\/schema\/logo\/image\/"},"sameAs":["https:\/\/facebook.com\/fundacionpdn","https:\/\/x.com\/fundacionpdn","https:\/\/www.youtube.com\/@fundacionpdn","https:\/\/linkedin.com\/company\/fundacionpdn"]}]}},"_links":{"self":[{"href":"https:\/\/fundacionpdn.org\/en\/wp-json\/wp\/v2\/pages\/715","targetHints":{"allow":["GET"]}}],"collection":[{"href":"https:\/\/fundacionpdn.org\/en\/wp-json\/wp\/v2\/pages"}],"about":[{"href":"https:\/\/fundacionpdn.org\/en\/wp-json\/wp\/v2\/types\/page"}],"author":[{"embeddable":true,"href":"https:\/\/fundacionpdn.org\/en\/wp-json\/wp\/v2\/users\/1"}],"replies":[{"embeddable":true,"href":"https:\/\/fundacionpdn.org\/en\/wp-json\/wp\/v2\/comments?post=715"}],"version-history":[{"count":5,"href":"https:\/\/fundacionpdn.org\/en\/wp-json\/wp\/v2\/pages\/715\/revisions"}],"predecessor-version":[{"id":3759,"href":"https:\/\/fundacionpdn.org\/en\/wp-json\/wp\/v2\/pages\/715\/revisions\/3759"}],"wp:attachment":[{"href":"https:\/\/fundacionpdn.org\/en\/wp-json\/wp\/v2\/media?parent=715"}],"curies":[{"name":"wp","href":"https:\/\/api.w.org\/{rel}","templated":true}]}}